{"id":1737,"date":"2021-05-10T10:24:36","date_gmt":"2021-05-10T10:24:36","guid":{"rendered":"http:\/\/www.nicdarkthemes.com\/themes\/seafood\/wp\/demo\/restaurant\/?page_id=1737"},"modified":"2021-05-10T10:24:36","modified_gmt":"2021-05-10T10:24:36","slug":"coming-soon","status":"publish","type":"page","link":"https:\/\/www.asiyaniznik.com\/tr\/coming-soon\/","title":{"rendered":"Coming Soon"},"content":{"rendered":"<section class=\"elementor-section elementor-top-section elementor-element elementor-element-af13b25 elementor-section-full_width elementor-section-stretched elementor-section-height-default elementor-section-height-default\" data-id=\"af13b25\" data-element_type=\"section\" data-settings=\"{&quot;stretch_section&quot;:&quot;section-stretched&quot;}\">\n\t\t\t\t\t\t<div class=\"elementor-container elementor-column-gap-default\">\n\t\t\t\t\t<div class=\"elementor-column elementor-col-100 elementor-top-column elementor-element elementor-element-1bef066\" data-id=\"1bef066\" data-element_type=\"column\">\n\t\t\t<div class=\"elementor-widget-wrap elementor-element-populated\">\n\t\t\t\t\t\t<div data-elementor-type=\"wp-page\" data-elementor-id=\"1737\" class=\"elementor elementor-1737\">\n\t\t\t\t\t\t<div class=\"elementor-element elementor-element-ff2fd09 elementor-widget elementor-widget-slider_revolution\" data-id=\"ff2fd09\" data-element_type=\"widget\" data-widget_type=\"slider_revolution.default\">\n\t\t\t\t\t\n\t\t<div class=\"wp-block-themepunch-revslider\">\n\t\t\t<sr7-module data-alias=\"Error-Module\" data-id=\"ERROR\" id=\"SR7_ERROR_1\" class=\"\" data-version=\"6.7.25\">\n\t\t\t\t<sr7-adjuster><\/sr7-adjuster>\n\t\t\t\t<sr7-content>\n\t\t\t\t\t<sr7-slide id=\"SR7_ERROR_1-1\" data-key=\"1\">\n\t\t\t\t\t\t<sr7-txt id=\"SR7_ERROR_1-1-1\" class=\"sr7-layer\">Slider with alias coming-soon not found.<\/sr7-txt>\n\t\t\t\t\t\t<sr7-txt id=\"SR7_ERROR_1-1-2\" class=\"sr7-layer\">There is nothing to show here!<\/sr7-txt>\n\t\t\t\t\t\t<sr7-txt id=\"SR7_ERROR_1-1-3\" class=\"sr7-layer\"><i class=\"fa-warning\"><\/i><\/sr7-txt>\n\t\t\t\t\t<\/sr7-slide>\n\t\t\t\t<\/sr7-content>\n\t\t\t<\/sr7-module>\n\t\t\t<script>\n\t\t\t\twindow.SR7 ??= {};\n\t\t\t\tSR7.JSON ??= {};\n\t\t\t\tSR7.JSON[\"SR7_ERROR_1\"] = {id:\"ERROR\", settings:{\"title\":\"Error Module\",\"alias\":\"Error Module\",\"type\":\"hero\", \"size\":{\"width\": [1240,1240,1024,778,480],\"height\": [600,600,600,600,480]}},\"slides\":{\"1\":{\"slide\":{\"id\":\"1\",\"version\":\"6.7.25\",\"order\":1},\"layers\":{\"1\":{\"fluid\":{\"tx\":true,\"tr\":true,\"sp\":true},\"id\":1,\"alias\":\"Subtext\",\"size\":{\"w\":[\"850px\",\"800px\",\"600px\",\"450px\",\"450px\"]}, \"content\":{\"text\":\"Slider with alias coming-soon not found.\"},\"pos\":{\"y\":[\"30px\",\"30px\",\"20px\",\"16px\",\"13px\"],\"h\":[\"center\",\"center\",\"center\",\"center\",\"center\"],\"v\":[\"middle\",\"middle\",\"middle\",\"middle\",\"middle\"],\"pos\":\"absolute\"},\"zIndex\":6,\"order\":6,\"display\":[\"block\",\"block\",\"block\",\"block\",\"block\"],\"tl\":{\"in\":{\"content\":{\"all\":[{\"t\":0,\"d\":0,\"f\":0,\"e\":\"power3.inOut\",\"pE\":\"d\",\"sX\":0.9,\"sY\":0.9,\"o\":0},{\"t\":370,\"d\":850,\"f\":850,\"e\":\"power3.inOut\",\"pE\":\"d\",\"sX\":1,\"sY\":1,\"o\":1}]}},\"out\":{\"content\":{\"all\":[{\"t\":0,\"d\":300,\"f\":300,\"e\":\"power3.inOut\",\"pE\":\"n\",\"o\":0}]}}},\"tA\":[\"center\",\"center\",\"center\",\"center\",\"center\"],\"color\":[\"#000000\",\"#000000\",\"#000000\",\"#000000\",\"#000000\"],\"font\":{\"family\":'Arial, Helvetica, sans-serif',\"size\":[\"#a\",20,16,12,7],\"weight\":[\"200\",\"200\",\"200\",\"200\",\"200\"],\"ls\":[0,0,0,0,0]},\"lh\":[\"#a\",\"24px\",\"20px\",\"16px\",\"7px\"],\"type\":\"text\"},\"2\":{\"fluid\":{\"tx\":true,\"tr\":true,\"sp\":true},\"id\":2,\"alias\":\"Title\",\"content\":{\"text\":\"There is nothing to show here!\"},\"pos\":{\"y\":[\"-20px\",\"-20px\",\"-16px\",\"-12px\",\"-7px\"],\"h\":[\"center\",\"center\",\"center\",\"center\",\"center\"],\"v\":[\"middle\",\"middle\",\"middle\",\"middle\",\"middle\"],\"pos\":\"absolute\"},\"zIndex\":7,\"order\":7,\"display\":[\"block\",\"block\",\"block\",\"block\",\"block\"],\"tl\":{\"in\":{\"content\":{\"all\":[{\"t\":0,\"d\":0,\"f\":0,\"e\":\"power3.inOut\",\"pE\":\"d\",\"sX\":0.9,\"sY\":0.9,\"o\":0},{\"t\":200,\"d\":1000,\"f\":1000,\"e\":\"power3.inOut\",\"pE\":\"d\",\"sX\":1,\"sY\":1,\"o\":1}]}},\"out\":{\"content\":{\"all\":[{\"t\":0,\"d\":300,\"f\":300,\"e\":\"power3.inOut\",\"pE\":\"n\",\"o\":0}]}}},\"tA\":[\"center\",\"center\",\"center\",\"center\",\"center\"],\"color\":[\"#000000\",\"#000000\",\"#000000\",\"#000000\",\"#000000\"],\"font\":{\"family\":\"'Arial, Helvetica, sans-serif'\",\"size\":[\"30px\",\"30px\",\"24px\",\"18px\",\"11px\"],\"weight\":[\"200\",\"200\",\"200\",\"200\",\"200\"],\"ls\":[0,0,0,0,0]},\"lh\":[\"30px\",\"30px\",\"24px\",\"18px\",\"11px\"],\"type\":\"text\"},\"3\":{\"fluid\":{\"tx\":true,\"tr\":true,\"sp\":true},\"id\":3,\"alias\":\"Title\",\"content\":{\"text\":\"<i class=\\\"fa-warning\\\"><\/i>\"},\"pos\":{\"y\":[\"-70px\",\"-70px\",\"-57px\",\"-43px\",\"-26px\"],\"h\":[\"center\",\"center\",\"center\",\"center\",\"center\"],\"v\":[\"middle\",\"middle\",\"middle\",\"middle\",\"middle\"],\"pos\":\"absolute\"},\"zIndex\":8,\"order\":8,\"display\":[\"block\",\"block\",\"block\",\"block\",\"block\"],\"tl\":{\"in\":{\"content\":{\"all\":[{\"t\":0,\"d\":0,\"f\":0,\"e\":\"power3.inOut\",\"pE\":\"d\",\"sX\":0.9,\"sY\":0.9,\"o\":0},{\"t\":0,\"d\":1040,\"f\":1040,\"e\":\"power3.inOut\",\"pE\":\"d\",\"sX\":1,\"sY\":1,\"o\":1}]}},\"out\":{\"content\":{\"all\":[{\"t\":0,\"d\":300,\"f\":300,\"e\":\"power3.inOut\",\"pE\":\"n\",\"o\":0}]}}},\"tA\":[\"center\",\"center\",\"center\",\"center\",\"center\"],\"color\":[\"#ff3a2d\",\"#ff3a2d\",\"#ff3a2d\",\"#ff3a2d\",\"#ff3a2d\"],\"font\":{\"family\":\"'Arial, Helvetica, sans-serif'\",\"size\":[\"50px\",\"50px\",\"41px\",\"31px\",\"19px\"],\"weight\":[400,400,400,400,400],\"ls\":[0,0,0,0,0]},\"lh\":[\"50px\",\"50px\",\"41px\",\"31px\",\"19px\"],\"type\":\"text\"},\"32\":{\"rTo\":\"slide\",\"id\":32,\"subtype\":\"slidebg\",\"size\":{\"cMode\":\"cover\"},\"bg\":{\"color\":\"#ffffff\"},\"tl\":{\"in\":{\"bg\":{\"ms\":1000,\"rnd\":false,\"temp\":{\"t\":\"*opacity* Fade In\",\"p\":\"fade\",\"m\":\"basic\",\"g\":\"fade\"},\"in\":{\"o\":0},\"out\":{\"a\":false}}}},\"type\":\"shape\"}}}}}\n\t\t\t\tSR7.PMH ??={}; SR7.PMH[\"SR7_ERROR_1\"] = {cn:0,state:false,fn: function() { if (_tpt!==undefined && _tpt.prepareModuleHeight !== undefined) {_tpt.prepareModuleHeight({id:\"SR7_ERROR_1\",\"size\":{\"width\":[1240,1240,1024,778,480],\"height\":[900,900,768,960,720]}}); SR7.PMH[\"SR7_ERROR_1\"].state=true;} else if((SR7.PMH[\"SR7_ERROR_1\"].cn++)<100) setTimeout( SR7.PMH[\"SR7_ERROR_1\"].fn,19);}}; SR7.PMH[\"SR7_ERROR_1\" ].fn();\t\t\t<\/script>\n<\/div>\n\n\t\t\t\t\t\t<\/div>\n\t\t\t\t<div class=\"elementor-element elementor-element-58652ff elementor-widget elementor-widget-customcss\" data-id=\"58652ff\" data-element_type=\"widget\" id=\"comingsoon-rule\" data-widget_type=\"customcss.default\">\n\t\t\t\t<div class=\"elementor-widget-container\">\n\t\t\t\t\t<style type=\"text\/css\">#nd_options_header_6 {display:none;}\n#nd_options_footer_6  {display:none;}\n.elementor-widget:not(:last-child) {\n    margin-bottom: 0px !important; \n}<\/style>\t\t\t\t<\/div>\n\t\t\t\t<\/div>\n\t\t\t\t\t<\/div>\n\t\t<\/div>\n\t\t\t\t\t<\/div>\n\t\t<\/section>\n\t\t\t\t<\/div>","protected":false},"excerpt":{"rendered":"<p>#nd_options_header_6 {display:none;} #nd_options_footer_6 {display:none;} .elementor-widget:not(:last-child) { margin-bottom: 0px !important; }<\/p>","protected":false},"author":1,"featured_media":0,"parent":0,"menu_order":0,"comment_status":"closed","ping_status":"closed","template":"","meta":{"footnotes":""},"class_list":["post-1737","page","type-page","status-publish","hentry"],"yoast_head":"<!-- This site is optimized with the Yoast SEO plugin v26.8 - https:\/\/yoast.com\/product\/yoast-seo-wordpress\/ -->\n<title>Coming Soon - A\u015fiyan Yal\u0131s\u0131 \u0130znik Hotel | A\u015fiyan Yal\u0131s\u0131 | \u0130znik Hotel | \u0130znik Otel<\/title>\n<meta name=\"robots\" content=\"index, follow, max-snippet:-1, max-image-preview:large, max-video-preview:-1\" \/>\n<link rel=\"canonical\" href=\"https:\/\/www.asiyaniznik.com\/tr\/coming-soon\/\" \/>\n<meta property=\"og:locale\" content=\"tr_TR\" \/>\n<meta property=\"og:type\" content=\"article\" \/>\n<meta property=\"og:title\" content=\"Coming Soon - A\u015fiyan Yal\u0131s\u0131 \u0130znik Hotel | A\u015fiyan Yal\u0131s\u0131 | \u0130znik Hotel | \u0130znik Otel\" \/>\n<meta property=\"og:description\" content=\"#nd_options_header_6 {display:none;} #nd_options_footer_6 {display:none;} .elementor-widget:not(:last-child) { margin-bottom: 0px !important; }\" \/>\n<meta property=\"og:url\" content=\"https:\/\/www.asiyaniznik.com\/tr\/coming-soon\/\" \/>\n<meta property=\"og:site_name\" content=\"A\u015fiyan Yal\u0131s\u0131 \u0130znik Hotel | A\u015fiyan Yal\u0131s\u0131 | \u0130znik Hotel | \u0130znik Otel\" \/>\n<meta name=\"twitter:card\" content=\"summary_large_image\" \/>\n<script type=\"application\/ld+json\" class=\"yoast-schema-graph\">{\"@context\":\"https:\/\/schema.org\",\"@graph\":[{\"@type\":\"WebPage\",\"@id\":\"https:\/\/www.asiyaniznik.com\/coming-soon\/\",\"url\":\"https:\/\/www.asiyaniznik.com\/coming-soon\/\",\"name\":\"Coming Soon - A\u015fiyan Yal\u0131s\u0131 \u0130znik Hotel | A\u015fiyan Yal\u0131s\u0131 | \u0130znik Hotel | \u0130znik Otel\",\"isPartOf\":{\"@id\":\"https:\/\/www.asiyaniznik.com\/#website\"},\"datePublished\":\"2021-05-10T10:24:36+00:00\",\"breadcrumb\":{\"@id\":\"https:\/\/www.asiyaniznik.com\/coming-soon\/#breadcrumb\"},\"inLanguage\":\"tr\",\"potentialAction\":[{\"@type\":\"ReadAction\",\"target\":[\"https:\/\/www.asiyaniznik.com\/coming-soon\/\"]}]},{\"@type\":\"BreadcrumbList\",\"@id\":\"https:\/\/www.asiyaniznik.com\/coming-soon\/#breadcrumb\",\"itemListElement\":[{\"@type\":\"ListItem\",\"position\":1,\"name\":\"Anasayfa\",\"item\":\"https:\/\/www.asiyaniznik.com\/\"},{\"@type\":\"ListItem\",\"position\":2,\"name\":\"Coming Soon\"}]},{\"@type\":\"WebSite\",\"@id\":\"https:\/\/www.asiyaniznik.com\/#website\",\"url\":\"https:\/\/www.asiyaniznik.com\/\",\"name\":\"A\u015fiyan Yal\u0131s\u0131 | \u0130znik A\u015fiyan Yal\u0131s\u0131 | \u0130znik Hotel | \u0130znik Otel |\",\"description\":\"A\u015fiyan Yal\u0131s\u0131 \u0130znik Hotel | A\u015fiyan Yal\u0131s\u0131 | \u0130znik Hotel | \u0130znik Otel\",\"publisher\":{\"@id\":\"https:\/\/www.asiyaniznik.com\/#organization\"},\"potentialAction\":[{\"@type\":\"SearchAction\",\"target\":{\"@type\":\"EntryPoint\",\"urlTemplate\":\"https:\/\/www.asiyaniznik.com\/?s={search_term_string}\"},\"query-input\":{\"@type\":\"PropertyValueSpecification\",\"valueRequired\":true,\"valueName\":\"search_term_string\"}}],\"inLanguage\":\"tr\"},{\"@type\":\"Organization\",\"@id\":\"https:\/\/www.asiyaniznik.com\/#organization\",\"name\":\"A\u015fiyan Yal\u0131s\u0131 | \u0130znik A\u015fiyan Yal\u0131s\u0131 | \u0130znik Hotel | \u0130znik Otel |\",\"url\":\"https:\/\/www.asiyaniznik.com\/\",\"logo\":{\"@type\":\"ImageObject\",\"inLanguage\":\"tr\",\"@id\":\"https:\/\/www.asiyaniznik.com\/#\/schema\/logo\/image\/\",\"url\":\"https:\/\/www.asiyaniznik.com\/wp-content\/uploads\/2025\/09\/cropped-asiyanlogo1-1.png\",\"contentUrl\":\"https:\/\/www.asiyaniznik.com\/wp-content\/uploads\/2025\/09\/cropped-asiyanlogo1-1.png\",\"width\":512,\"height\":512,\"caption\":\"A\u015fiyan Yal\u0131s\u0131 | \u0130znik A\u015fiyan Yal\u0131s\u0131 | \u0130znik Hotel | \u0130znik Otel |\"},\"image\":{\"@id\":\"https:\/\/www.asiyaniznik.com\/#\/schema\/logo\/image\/\"},\"sameAs\":[\"https:\/\/instagram.com\/asiyanyalisi\"]}]}<\/script>\n<!-- \/ Yoast SEO plugin. -->","yoast_head_json":{"title":"Coming Soon - A\u015fiyan Yal\u0131s\u0131 \u0130znik Hotel | A\u015fiyan Yal\u0131s\u0131 | \u0130znik Hotel | \u0130znik Otel","robots":{"index":"index","follow":"follow","max-snippet":"max-snippet:-1","max-image-preview":"max-image-preview:large","max-video-preview":"max-video-preview:-1"},"canonical":"https:\/\/www.asiyaniznik.com\/tr\/coming-soon\/","og_locale":"tr_TR","og_type":"article","og_title":"Coming Soon - A\u015fiyan Yal\u0131s\u0131 \u0130znik Hotel | A\u015fiyan Yal\u0131s\u0131 | \u0130znik Hotel | \u0130znik Otel","og_description":"#nd_options_header_6 {display:none;} #nd_options_footer_6 {display:none;} .elementor-widget:not(:last-child) { margin-bottom: 0px !important; }","og_url":"https:\/\/www.asiyaniznik.com\/tr\/coming-soon\/","og_site_name":"A\u015fiyan Yal\u0131s\u0131 \u0130znik Hotel | A\u015fiyan Yal\u0131s\u0131 | \u0130znik Hotel | \u0130znik Otel","twitter_card":"summary_large_image","schema":{"@context":"https:\/\/schema.org","@graph":[{"@type":"WebPage","@id":"https:\/\/www.asiyaniznik.com\/coming-soon\/","url":"https:\/\/www.asiyaniznik.com\/coming-soon\/","name":"Coming Soon - A\u015fiyan Yal\u0131s\u0131 \u0130znik Hotel | A\u015fiyan Yal\u0131s\u0131 | \u0130znik Hotel | \u0130znik Otel","isPartOf":{"@id":"https:\/\/www.asiyaniznik.com\/#website"},"datePublished":"2021-05-10T10:24:36+00:00","breadcrumb":{"@id":"https:\/\/www.asiyaniznik.com\/coming-soon\/#breadcrumb"},"inLanguage":"tr","potentialAction":[{"@type":"ReadAction","target":["https:\/\/www.asiyaniznik.com\/coming-soon\/"]}]},{"@type":"BreadcrumbList","@id":"https:\/\/www.asiyaniznik.com\/coming-soon\/#breadcrumb","itemListElement":[{"@type":"ListItem","position":1,"name":"Anasayfa","item":"https:\/\/www.asiyaniznik.com\/"},{"@type":"ListItem","position":2,"name":"Coming Soon"}]},{"@type":"WebSite","@id":"https:\/\/www.asiyaniznik.com\/#website","url":"https:\/\/www.asiyaniznik.com\/","name":"A\u015fiyan Yal\u0131s\u0131 | \u0130znik A\u015fiyan Yal\u0131s\u0131 | \u0130znik Hotel | \u0130znik Otel |","description":"A\u015fiyan Yal\u0131s\u0131 \u0130znik Hotel | A\u015fiyan Yal\u0131s\u0131 | \u0130znik Hotel | \u0130znik Otel","publisher":{"@id":"https:\/\/www.asiyaniznik.com\/#organization"},"potentialAction":[{"@type":"SearchAction","target":{"@type":"EntryPoint","urlTemplate":"https:\/\/www.asiyaniznik.com\/?s={search_term_string}"},"query-input":{"@type":"PropertyValueSpecification","valueRequired":true,"valueName":"search_term_string"}}],"inLanguage":"tr"},{"@type":"Organization","@id":"https:\/\/www.asiyaniznik.com\/#organization","name":"A\u015fiyan Yal\u0131s\u0131 | \u0130znik A\u015fiyan Yal\u0131s\u0131 | \u0130znik Hotel | \u0130znik Otel |","url":"https:\/\/www.asiyaniznik.com\/","logo":{"@type":"ImageObject","inLanguage":"tr","@id":"https:\/\/www.asiyaniznik.com\/#\/schema\/logo\/image\/","url":"https:\/\/www.asiyaniznik.com\/wp-content\/uploads\/2025\/09\/cropped-asiyanlogo1-1.png","contentUrl":"https:\/\/www.asiyaniznik.com\/wp-content\/uploads\/2025\/09\/cropped-asiyanlogo1-1.png","width":512,"height":512,"caption":"A\u015fiyan Yal\u0131s\u0131 | \u0130znik A\u015fiyan Yal\u0131s\u0131 | \u0130znik Hotel | \u0130znik Otel |"},"image":{"@id":"https:\/\/www.asiyaniznik.com\/#\/schema\/logo\/image\/"},"sameAs":["https:\/\/instagram.com\/asiyanyalisi"]}]}},"_links":{"self":[{"href":"https:\/\/www.asiyaniznik.com\/tr\/wp-json\/wp\/v2\/pages\/1737","targetHints":{"allow":["GET"]}}],"collection":[{"href":"https:\/\/www.asiyaniznik.com\/tr\/wp-json\/wp\/v2\/pages"}],"about":[{"href":"https:\/\/www.asiyaniznik.com\/tr\/wp-json\/wp\/v2\/types\/page"}],"author":[{"embeddable":true,"href":"https:\/\/www.asiyaniznik.com\/tr\/wp-json\/wp\/v2\/users\/1"}],"replies":[{"embeddable":true,"href":"https:\/\/www.asiyaniznik.com\/tr\/wp-json\/wp\/v2\/comments?post=1737"}],"version-history":[{"count":0,"href":"https:\/\/www.asiyaniznik.com\/tr\/wp-json\/wp\/v2\/pages\/1737\/revisions"}],"wp:attachment":[{"href":"https:\/\/www.asiyaniznik.com\/tr\/wp-json\/wp\/v2\/media?parent=1737"}],"curies":[{"name":"wp","href":"https:\/\/api.w.org\/{rel}","templated":true}]}}