{"id":3599,"date":"2021-05-05T10:06:24","date_gmt":"2021-05-05T10:06:24","guid":{"rendered":"http:\/\/www.nicdarkthemes.com\/themes\/seafood\/wp\/demo\/restaurant\/cart\/"},"modified":"2021-05-05T10:06:24","modified_gmt":"2021-05-05T10:06:24","slug":"cart","status":"publish","type":"page","link":"https:\/\/www.asiyaniznik.com\/tr\/cart\/","title":{"rendered":"Cart"},"content":{"rendered":"<div data-elementor-type=\"wp-page\" data-elementor-id=\"3599\" class=\"elementor elementor-3599\">\n\t\t\t\t\t\t<section class=\"elementor-section elementor-top-section elementor-element elementor-element-21e30d66 elementor-section-stretched elementor-section-content-middle elementor-section-boxed elementor-section-height-default elementor-section-height-default\" data-id=\"21e30d66\" data-element_type=\"section\" data-settings=\"{&quot;stretch_section&quot;:&quot;section-stretched&quot;,&quot;background_background&quot;:&quot;classic&quot;}\">\n\t\t\t\t\t\t\t<div class=\"elementor-background-overlay\"><\/div>\n\t\t\t\t\t\t\t<div class=\"elementor-container elementor-column-gap-default\">\n\t\t\t\t\t<div class=\"elementor-column elementor-col-100 elementor-top-column elementor-element elementor-element-3440b90c\" data-id=\"3440b90c\" data-element_type=\"column\">\n\t\t\t<div class=\"elementor-widget-wrap elementor-element-populated\">\n\t\t\t\t\t\t<div class=\"elementor-element elementor-element-964f46e elementor-widget elementor-widget-heading\" data-id=\"964f46e\" data-element_type=\"widget\" data-widget_type=\"heading.default\">\n\t\t\t\t\t<h1 class=\"elementor-heading-title elementor-size-default\">Cart<\/h1>\t\t\t\t<\/div>\n\t\t\t\t\t<\/div>\n\t\t<\/div>\n\t\t\t\t\t<\/div>\n\t\t<\/section>\n\t\t\t\t<section class=\"elementor-section elementor-top-section elementor-element elementor-element-38e5d550 elementor-section-boxed elementor-section-height-default elementor-section-height-default\" data-id=\"38e5d550\" data-element_type=\"section\">\n\t\t\t\t\t\t<div class=\"elementor-container elementor-column-gap-default\">\n\t\t\t\t\t<div class=\"elementor-column elementor-col-100 elementor-top-column elementor-element elementor-element-4d49b49a\" data-id=\"4d49b49a\" data-element_type=\"column\">\n\t\t\t<div class=\"elementor-widget-wrap elementor-element-populated\">\n\t\t\t\t\t\t<div class=\"elementor-element elementor-element-6d26dc24 elementor-widget elementor-widget-text-editor\" data-id=\"6d26dc24\" data-element_type=\"widget\" data-widget_type=\"text-editor.default\">\n\t\t\t\t\t\t\t\t\t<p>[woocommerce_cart]<\/p>\n\t\t\t\t\t\t\t\t<\/div>\n\t\t\t\t\t<\/div>\n\t\t<\/div>\n\t\t\t\t\t<\/div>\n\t\t<\/section>\n\t\t\t\t<\/div>","protected":false},"excerpt":{"rendered":"<p>\/*! elementor &#8211; v3.5.6 &#8211; 28-02-2022 *\/ .elementor-heading-title{padding:0;margin:0;line-height:1}.elementor-widget-heading .elementor-heading-title[class*=elementor-size-]&gt;a{color:inherit;font-size:inherit;line-height:inherit}.elementor-widget-heading .elementor-heading-title.elementor-size-small{font-size:15px}.elementor-widget-heading .elementor-heading-title.elementor-size-medium{font-size:19px}.elementor-widget-heading .elementor-heading-title.elementor-size-large{font-size:29px}.elementor-widget-heading .elementor-heading-title.elementor-size-xl{font-size:39px}.elementor-widget-heading .elementor-heading-title.elementor-size-xxl{font-size:59px} Cart<\/p>","protected":false},"author":1,"featured_media":0,"parent":0,"menu_order":0,"comment_status":"closed","ping_status":"closed","template":"","meta":{"footnotes":""},"class_list":["post-3599","page","type-page","status-publish","hentry"],"yoast_head":"<!-- This site is optimized with the Yoast SEO plugin v26.8 - https:\/\/yoast.com\/product\/yoast-seo-wordpress\/ -->\n<title>Cart - A\u015fiyan Yal\u0131s\u0131 \u0130znik Hotel | A\u015fiyan Yal\u0131s\u0131 | \u0130znik Hotel | \u0130znik Otel<\/title>\n<meta name=\"robots\" content=\"index, follow, max-snippet:-1, max-image-preview:large, max-video-preview:-1\" \/>\n<link rel=\"canonical\" href=\"https:\/\/www.asiyaniznik.com\/tr\/cart\/\" \/>\n<meta property=\"og:locale\" content=\"tr_TR\" \/>\n<meta property=\"og:type\" content=\"article\" \/>\n<meta property=\"og:title\" content=\"Cart - A\u015fiyan Yal\u0131s\u0131 \u0130znik Hotel | A\u015fiyan Yal\u0131s\u0131 | \u0130znik Hotel | \u0130znik Otel\" \/>\n<meta property=\"og:description\" content=\"\/*! elementor &#8211; v3.5.6 &#8211; 28-02-2022 *\/ .elementor-heading-title{padding:0;margin:0;line-height:1}.elementor-widget-heading .elementor-heading-title[class*=elementor-size-]&gt;a{color:inherit;font-size:inherit;line-height:inherit}.elementor-widget-heading .elementor-heading-title.elementor-size-small{font-size:15px}.elementor-widget-heading .elementor-heading-title.elementor-size-medium{font-size:19px}.elementor-widget-heading .elementor-heading-title.elementor-size-large{font-size:29px}.elementor-widget-heading .elementor-heading-title.elementor-size-xl{font-size:39px}.elementor-widget-heading .elementor-heading-title.elementor-size-xxl{font-size:59px} Cart\" \/>\n<meta property=\"og:url\" content=\"https:\/\/www.asiyaniznik.com\/tr\/cart\/\" \/>\n<meta property=\"og:site_name\" content=\"A\u015fiyan Yal\u0131s\u0131 \u0130znik Hotel | A\u015fiyan Yal\u0131s\u0131 | \u0130znik Hotel | \u0130znik Otel\" \/>\n<meta name=\"twitter:card\" content=\"summary_large_image\" \/>\n<script type=\"application\/ld+json\" class=\"yoast-schema-graph\">{\"@context\":\"https:\/\/schema.org\",\"@graph\":[{\"@type\":\"WebPage\",\"@id\":\"https:\/\/www.asiyaniznik.com\/cart\/\",\"url\":\"https:\/\/www.asiyaniznik.com\/cart\/\",\"name\":\"Cart - A\u015fiyan Yal\u0131s\u0131 \u0130znik Hotel | A\u015fiyan Yal\u0131s\u0131 | \u0130znik Hotel | \u0130znik Otel\",\"isPartOf\":{\"@id\":\"https:\/\/www.asiyaniznik.com\/#website\"},\"datePublished\":\"2021-05-05T10:06:24+00:00\",\"breadcrumb\":{\"@id\":\"https:\/\/www.asiyaniznik.com\/cart\/#breadcrumb\"},\"inLanguage\":\"tr\",\"potentialAction\":[{\"@type\":\"ReadAction\",\"target\":[\"https:\/\/www.asiyaniznik.com\/cart\/\"]}]},{\"@type\":\"BreadcrumbList\",\"@id\":\"https:\/\/www.asiyaniznik.com\/cart\/#breadcrumb\",\"itemListElement\":[{\"@type\":\"ListItem\",\"position\":1,\"name\":\"Anasayfa\",\"item\":\"https:\/\/www.asiyaniznik.com\/\"},{\"@type\":\"ListItem\",\"position\":2,\"name\":\"Cart\"}]},{\"@type\":\"WebSite\",\"@id\":\"https:\/\/www.asiyaniznik.com\/#website\",\"url\":\"https:\/\/www.asiyaniznik.com\/\",\"name\":\"A\u015fiyan Yal\u0131s\u0131 | \u0130znik A\u015fiyan Yal\u0131s\u0131 | \u0130znik Hotel | \u0130znik Otel |\",\"description\":\"A\u015fiyan Yal\u0131s\u0131 \u0130znik Hotel | A\u015fiyan Yal\u0131s\u0131 | \u0130znik Hotel | \u0130znik Otel\",\"publisher\":{\"@id\":\"https:\/\/www.asiyaniznik.com\/#organization\"},\"potentialAction\":[{\"@type\":\"SearchAction\",\"target\":{\"@type\":\"EntryPoint\",\"urlTemplate\":\"https:\/\/www.asiyaniznik.com\/?s={search_term_string}\"},\"query-input\":{\"@type\":\"PropertyValueSpecification\",\"valueRequired\":true,\"valueName\":\"search_term_string\"}}],\"inLanguage\":\"tr\"},{\"@type\":\"Organization\",\"@id\":\"https:\/\/www.asiyaniznik.com\/#organization\",\"name\":\"A\u015fiyan Yal\u0131s\u0131 | \u0130znik A\u015fiyan Yal\u0131s\u0131 | \u0130znik Hotel | \u0130znik Otel |\",\"url\":\"https:\/\/www.asiyaniznik.com\/\",\"logo\":{\"@type\":\"ImageObject\",\"inLanguage\":\"tr\",\"@id\":\"https:\/\/www.asiyaniznik.com\/#\/schema\/logo\/image\/\",\"url\":\"https:\/\/www.asiyaniznik.com\/wp-content\/uploads\/2025\/09\/cropped-asiyanlogo1-1.png\",\"contentUrl\":\"https:\/\/www.asiyaniznik.com\/wp-content\/uploads\/2025\/09\/cropped-asiyanlogo1-1.png\",\"width\":512,\"height\":512,\"caption\":\"A\u015fiyan Yal\u0131s\u0131 | \u0130znik A\u015fiyan Yal\u0131s\u0131 | \u0130znik Hotel | \u0130znik Otel |\"},\"image\":{\"@id\":\"https:\/\/www.asiyaniznik.com\/#\/schema\/logo\/image\/\"},\"sameAs\":[\"https:\/\/instagram.com\/asiyanyalisi\"]}]}<\/script>\n<!-- \/ Yoast SEO plugin. -->","yoast_head_json":{"title":"Cart - A\u015fiyan Yal\u0131s\u0131 \u0130znik Hotel | A\u015fiyan Yal\u0131s\u0131 | \u0130znik Hotel | \u0130znik Otel","robots":{"index":"index","follow":"follow","max-snippet":"max-snippet:-1","max-image-preview":"max-image-preview:large","max-video-preview":"max-video-preview:-1"},"canonical":"https:\/\/www.asiyaniznik.com\/tr\/cart\/","og_locale":"tr_TR","og_type":"article","og_title":"Cart - A\u015fiyan Yal\u0131s\u0131 \u0130znik Hotel | A\u015fiyan Yal\u0131s\u0131 | \u0130znik Hotel | \u0130znik Otel","og_description":"\/*! elementor &#8211; v3.5.6 &#8211; 28-02-2022 *\/ .elementor-heading-title{padding:0;margin:0;line-height:1}.elementor-widget-heading .elementor-heading-title[class*=elementor-size-]&gt;a{color:inherit;font-size:inherit;line-height:inherit}.elementor-widget-heading .elementor-heading-title.elementor-size-small{font-size:15px}.elementor-widget-heading .elementor-heading-title.elementor-size-medium{font-size:19px}.elementor-widget-heading .elementor-heading-title.elementor-size-large{font-size:29px}.elementor-widget-heading .elementor-heading-title.elementor-size-xl{font-size:39px}.elementor-widget-heading .elementor-heading-title.elementor-size-xxl{font-size:59px} Cart","og_url":"https:\/\/www.asiyaniznik.com\/tr\/cart\/","og_site_name":"A\u015fiyan Yal\u0131s\u0131 \u0130znik Hotel | A\u015fiyan Yal\u0131s\u0131 | \u0130znik Hotel | \u0130znik Otel","twitter_card":"summary_large_image","schema":{"@context":"https:\/\/schema.org","@graph":[{"@type":"WebPage","@id":"https:\/\/www.asiyaniznik.com\/cart\/","url":"https:\/\/www.asiyaniznik.com\/cart\/","name":"Cart - A\u015fiyan Yal\u0131s\u0131 \u0130znik Hotel | A\u015fiyan Yal\u0131s\u0131 | \u0130znik Hotel | \u0130znik Otel","isPartOf":{"@id":"https:\/\/www.asiyaniznik.com\/#website"},"datePublished":"2021-05-05T10:06:24+00:00","breadcrumb":{"@id":"https:\/\/www.asiyaniznik.com\/cart\/#breadcrumb"},"inLanguage":"tr","potentialAction":[{"@type":"ReadAction","target":["https:\/\/www.asiyaniznik.com\/cart\/"]}]},{"@type":"BreadcrumbList","@id":"https:\/\/www.asiyaniznik.com\/cart\/#breadcrumb","itemListElement":[{"@type":"ListItem","position":1,"name":"Anasayfa","item":"https:\/\/www.asiyaniznik.com\/"},{"@type":"ListItem","position":2,"name":"Cart"}]},{"@type":"WebSite","@id":"https:\/\/www.asiyaniznik.com\/#website","url":"https:\/\/www.asiyaniznik.com\/","name":"A\u015fiyan Yal\u0131s\u0131 | \u0130znik A\u015fiyan Yal\u0131s\u0131 | \u0130znik Hotel | \u0130znik Otel |","description":"A\u015fiyan Yal\u0131s\u0131 \u0130znik Hotel | A\u015fiyan Yal\u0131s\u0131 | \u0130znik Hotel | \u0130znik Otel","publisher":{"@id":"https:\/\/www.asiyaniznik.com\/#organization"},"potentialAction":[{"@type":"SearchAction","target":{"@type":"EntryPoint","urlTemplate":"https:\/\/www.asiyaniznik.com\/?s={search_term_string}"},"query-input":{"@type":"PropertyValueSpecification","valueRequired":true,"valueName":"search_term_string"}}],"inLanguage":"tr"},{"@type":"Organization","@id":"https:\/\/www.asiyaniznik.com\/#organization","name":"A\u015fiyan Yal\u0131s\u0131 | \u0130znik A\u015fiyan Yal\u0131s\u0131 | \u0130znik Hotel | \u0130znik Otel |","url":"https:\/\/www.asiyaniznik.com\/","logo":{"@type":"ImageObject","inLanguage":"tr","@id":"https:\/\/www.asiyaniznik.com\/#\/schema\/logo\/image\/","url":"https:\/\/www.asiyaniznik.com\/wp-content\/uploads\/2025\/09\/cropped-asiyanlogo1-1.png","contentUrl":"https:\/\/www.asiyaniznik.com\/wp-content\/uploads\/2025\/09\/cropped-asiyanlogo1-1.png","width":512,"height":512,"caption":"A\u015fiyan Yal\u0131s\u0131 | \u0130znik A\u015fiyan Yal\u0131s\u0131 | \u0130znik Hotel | \u0130znik Otel |"},"image":{"@id":"https:\/\/www.asiyaniznik.com\/#\/schema\/logo\/image\/"},"sameAs":["https:\/\/instagram.com\/asiyanyalisi"]}]}},"_links":{"self":[{"href":"https:\/\/www.asiyaniznik.com\/tr\/wp-json\/wp\/v2\/pages\/3599","targetHints":{"allow":["GET"]}}],"collection":[{"href":"https:\/\/www.asiyaniznik.com\/tr\/wp-json\/wp\/v2\/pages"}],"about":[{"href":"https:\/\/www.asiyaniznik.com\/tr\/wp-json\/wp\/v2\/types\/page"}],"author":[{"embeddable":true,"href":"https:\/\/www.asiyaniznik.com\/tr\/wp-json\/wp\/v2\/users\/1"}],"replies":[{"embeddable":true,"href":"https:\/\/www.asiyaniznik.com\/tr\/wp-json\/wp\/v2\/comments?post=3599"}],"version-history":[{"count":0,"href":"https:\/\/www.asiyaniznik.com\/tr\/wp-json\/wp\/v2\/pages\/3599\/revisions"}],"wp:attachment":[{"href":"https:\/\/www.asiyaniznik.com\/tr\/wp-json\/wp\/v2\/media?parent=3599"}],"curies":[{"name":"wp","href":"https:\/\/api.w.org\/{rel}","templated":true}]}}