{"id":5346,"date":"2022-04-19T08:35:41","date_gmt":"2022-04-19T08:35:41","guid":{"rendered":"http:\/\/www.nicdarkthemes.com\/themes\/hotel-booking\/wp\/demo\/hotel\/?page_id=5346"},"modified":"2025-09-26T11:26:38","modified_gmt":"2025-09-26T08:26:38","slug":"header-1","status":"publish","type":"page","link":"https:\/\/www.asiyaniznik.com\/tr\/header-1\/","title":{"rendered":"Header 1"},"content":{"rendered":"","protected":false},"excerpt":{"rendered":"","protected":false},"author":1,"featured_media":0,"parent":0,"menu_order":0,"comment_status":"closed","ping_status":"closed","template":"elementor_theme","meta":{"footnotes":""},"class_list":["post-5346","page","type-page","status-publish","hentry"],"yoast_head":"<!-- This site is optimized with the Yoast SEO plugin v26.8 - https:\/\/yoast.com\/product\/yoast-seo-wordpress\/ -->\n<title>Header 1 - A\u015fiyan Yal\u0131s\u0131 \u0130znik Hotel | A\u015fiyan Yal\u0131s\u0131 | \u0130znik Hotel | \u0130znik Otel<\/title>\n<meta name=\"robots\" content=\"index, follow, max-snippet:-1, max-image-preview:large, max-video-preview:-1\" \/>\n<link rel=\"canonical\" href=\"https:\/\/www.asiyaniznik.com\/tr\/header-1\/\" \/>\n<meta property=\"og:locale\" content=\"tr_TR\" \/>\n<meta property=\"og:type\" content=\"article\" \/>\n<meta property=\"og:title\" content=\"Header 1 - A\u015fiyan Yal\u0131s\u0131 \u0130znik Hotel | A\u015fiyan Yal\u0131s\u0131 | \u0130znik Hotel | \u0130znik Otel\" \/>\n<meta property=\"og:url\" content=\"https:\/\/www.asiyaniznik.com\/tr\/header-1\/\" \/>\n<meta property=\"og:site_name\" content=\"A\u015fiyan Yal\u0131s\u0131 \u0130znik Hotel | A\u015fiyan Yal\u0131s\u0131 | \u0130znik Hotel | \u0130znik Otel\" \/>\n<meta property=\"article:modified_time\" content=\"2025-09-26T08:26:38+00:00\" \/>\n<meta name=\"twitter:card\" content=\"summary_large_image\" \/>\n<script type=\"application\/ld+json\" class=\"yoast-schema-graph\">{\"@context\":\"https:\/\/schema.org\",\"@graph\":[{\"@type\":\"WebPage\",\"@id\":\"https:\/\/www.asiyaniznik.com\/header-1\/\",\"url\":\"https:\/\/www.asiyaniznik.com\/header-1\/\",\"name\":\"Header 1 - A\u015fiyan Yal\u0131s\u0131 \u0130znik Hotel | A\u015fiyan Yal\u0131s\u0131 | \u0130znik Hotel | \u0130znik Otel\",\"isPartOf\":{\"@id\":\"https:\/\/www.asiyaniznik.com\/#website\"},\"datePublished\":\"2022-04-19T08:35:41+00:00\",\"dateModified\":\"2025-09-26T08:26:38+00:00\",\"breadcrumb\":{\"@id\":\"https:\/\/www.asiyaniznik.com\/header-1\/#breadcrumb\"},\"inLanguage\":\"tr\",\"potentialAction\":[{\"@type\":\"ReadAction\",\"target\":[\"https:\/\/www.asiyaniznik.com\/header-1\/\"]}]},{\"@type\":\"BreadcrumbList\",\"@id\":\"https:\/\/www.asiyaniznik.com\/header-1\/#breadcrumb\",\"itemListElement\":[{\"@type\":\"ListItem\",\"position\":1,\"name\":\"Anasayfa\",\"item\":\"https:\/\/www.asiyaniznik.com\/\"},{\"@type\":\"ListItem\",\"position\":2,\"name\":\"Header 1\"}]},{\"@type\":\"WebSite\",\"@id\":\"https:\/\/www.asiyaniznik.com\/#website\",\"url\":\"https:\/\/www.asiyaniznik.com\/\",\"name\":\"A\u015fiyan Yal\u0131s\u0131 | \u0130znik A\u015fiyan Yal\u0131s\u0131 | \u0130znik Hotel | \u0130znik Otel |\",\"description\":\"A\u015fiyan Yal\u0131s\u0131 \u0130znik Hotel | A\u015fiyan Yal\u0131s\u0131 | \u0130znik Hotel | \u0130znik Otel\",\"publisher\":{\"@id\":\"https:\/\/www.asiyaniznik.com\/#organization\"},\"potentialAction\":[{\"@type\":\"SearchAction\",\"target\":{\"@type\":\"EntryPoint\",\"urlTemplate\":\"https:\/\/www.asiyaniznik.com\/?s={search_term_string}\"},\"query-input\":{\"@type\":\"PropertyValueSpecification\",\"valueRequired\":true,\"valueName\":\"search_term_string\"}}],\"inLanguage\":\"tr\"},{\"@type\":\"Organization\",\"@id\":\"https:\/\/www.asiyaniznik.com\/#organization\",\"name\":\"A\u015fiyan Yal\u0131s\u0131 | \u0130znik A\u015fiyan Yal\u0131s\u0131 | \u0130znik Hotel | \u0130znik Otel |\",\"url\":\"https:\/\/www.asiyaniznik.com\/\",\"logo\":{\"@type\":\"ImageObject\",\"inLanguage\":\"tr\",\"@id\":\"https:\/\/www.asiyaniznik.com\/#\/schema\/logo\/image\/\",\"url\":\"https:\/\/www.asiyaniznik.com\/wp-content\/uploads\/2025\/09\/cropped-asiyanlogo1-1.png\",\"contentUrl\":\"https:\/\/www.asiyaniznik.com\/wp-content\/uploads\/2025\/09\/cropped-asiyanlogo1-1.png\",\"width\":512,\"height\":512,\"caption\":\"A\u015fiyan Yal\u0131s\u0131 | \u0130znik A\u015fiyan Yal\u0131s\u0131 | \u0130znik Hotel | \u0130znik Otel |\"},\"image\":{\"@id\":\"https:\/\/www.asiyaniznik.com\/#\/schema\/logo\/image\/\"},\"sameAs\":[\"https:\/\/instagram.com\/asiyanyalisi\"]}]}<\/script>\n<!-- \/ Yoast SEO plugin. -->","yoast_head_json":{"title":"Header 1 - A\u015fiyan Yal\u0131s\u0131 \u0130znik Hotel | A\u015fiyan Yal\u0131s\u0131 | \u0130znik Hotel | \u0130znik Otel","robots":{"index":"index","follow":"follow","max-snippet":"max-snippet:-1","max-image-preview":"max-image-preview:large","max-video-preview":"max-video-preview:-1"},"canonical":"https:\/\/www.asiyaniznik.com\/tr\/header-1\/","og_locale":"tr_TR","og_type":"article","og_title":"Header 1 - A\u015fiyan Yal\u0131s\u0131 \u0130znik Hotel | A\u015fiyan Yal\u0131s\u0131 | \u0130znik Hotel | \u0130znik Otel","og_url":"https:\/\/www.asiyaniznik.com\/tr\/header-1\/","og_site_name":"A\u015fiyan Yal\u0131s\u0131 \u0130znik Hotel | A\u015fiyan Yal\u0131s\u0131 | \u0130znik Hotel | \u0130znik Otel","article_modified_time":"2025-09-26T08:26:38+00:00","twitter_card":"summary_large_image","schema":{"@context":"https:\/\/schema.org","@graph":[{"@type":"WebPage","@id":"https:\/\/www.asiyaniznik.com\/header-1\/","url":"https:\/\/www.asiyaniznik.com\/header-1\/","name":"Header 1 - A\u015fiyan Yal\u0131s\u0131 \u0130znik Hotel | A\u015fiyan Yal\u0131s\u0131 | \u0130znik Hotel | \u0130znik Otel","isPartOf":{"@id":"https:\/\/www.asiyaniznik.com\/#website"},"datePublished":"2022-04-19T08:35:41+00:00","dateModified":"2025-09-26T08:26:38+00:00","breadcrumb":{"@id":"https:\/\/www.asiyaniznik.com\/header-1\/#breadcrumb"},"inLanguage":"tr","potentialAction":[{"@type":"ReadAction","target":["https:\/\/www.asiyaniznik.com\/header-1\/"]}]},{"@type":"BreadcrumbList","@id":"https:\/\/www.asiyaniznik.com\/header-1\/#breadcrumb","itemListElement":[{"@type":"ListItem","position":1,"name":"Anasayfa","item":"https:\/\/www.asiyaniznik.com\/"},{"@type":"ListItem","position":2,"name":"Header 1"}]},{"@type":"WebSite","@id":"https:\/\/www.asiyaniznik.com\/#website","url":"https:\/\/www.asiyaniznik.com\/","name":"A\u015fiyan Yal\u0131s\u0131 | \u0130znik A\u015fiyan Yal\u0131s\u0131 | \u0130znik Hotel | \u0130znik Otel |","description":"A\u015fiyan Yal\u0131s\u0131 \u0130znik Hotel | A\u015fiyan Yal\u0131s\u0131 | \u0130znik Hotel | \u0130znik Otel","publisher":{"@id":"https:\/\/www.asiyaniznik.com\/#organization"},"potentialAction":[{"@type":"SearchAction","target":{"@type":"EntryPoint","urlTemplate":"https:\/\/www.asiyaniznik.com\/?s={search_term_string}"},"query-input":{"@type":"PropertyValueSpecification","valueRequired":true,"valueName":"search_term_string"}}],"inLanguage":"tr"},{"@type":"Organization","@id":"https:\/\/www.asiyaniznik.com\/#organization","name":"A\u015fiyan Yal\u0131s\u0131 | \u0130znik A\u015fiyan Yal\u0131s\u0131 | \u0130znik Hotel | \u0130znik Otel |","url":"https:\/\/www.asiyaniznik.com\/","logo":{"@type":"ImageObject","inLanguage":"tr","@id":"https:\/\/www.asiyaniznik.com\/#\/schema\/logo\/image\/","url":"https:\/\/www.asiyaniznik.com\/wp-content\/uploads\/2025\/09\/cropped-asiyanlogo1-1.png","contentUrl":"https:\/\/www.asiyaniznik.com\/wp-content\/uploads\/2025\/09\/cropped-asiyanlogo1-1.png","width":512,"height":512,"caption":"A\u015fiyan Yal\u0131s\u0131 | \u0130znik A\u015fiyan Yal\u0131s\u0131 | \u0130znik Hotel | \u0130znik Otel |"},"image":{"@id":"https:\/\/www.asiyaniznik.com\/#\/schema\/logo\/image\/"},"sameAs":["https:\/\/instagram.com\/asiyanyalisi"]}]}},"_links":{"self":[{"href":"https:\/\/www.asiyaniznik.com\/tr\/wp-json\/wp\/v2\/pages\/5346","targetHints":{"allow":["GET"]}}],"collection":[{"href":"https:\/\/www.asiyaniznik.com\/tr\/wp-json\/wp\/v2\/pages"}],"about":[{"href":"https:\/\/www.asiyaniznik.com\/tr\/wp-json\/wp\/v2\/types\/page"}],"author":[{"embeddable":true,"href":"https:\/\/www.asiyaniznik.com\/tr\/wp-json\/wp\/v2\/users\/1"}],"replies":[{"embeddable":true,"href":"https:\/\/www.asiyaniznik.com\/tr\/wp-json\/wp\/v2\/comments?post=5346"}],"version-history":[{"count":72,"href":"https:\/\/www.asiyaniznik.com\/tr\/wp-json\/wp\/v2\/pages\/5346\/revisions"}],"predecessor-version":[{"id":11838,"href":"https:\/\/www.asiyaniznik.com\/tr\/wp-json\/wp\/v2\/pages\/5346\/revisions\/11838"}],"wp:attachment":[{"href":"https:\/\/www.asiyaniznik.com\/tr\/wp-json\/wp\/v2\/media?parent=5346"}],"curies":[{"name":"wp","href":"https:\/\/api.w.org\/{rel}","templated":true}]}}