{"id":7789,"date":"2025-09-07T13:48:15","date_gmt":"2025-09-07T10:48:15","guid":{"rendered":"https:\/\/www.asiyaniznik.com\/?page_id=7789"},"modified":"2025-09-07T13:54:05","modified_gmt":"2025-09-07T10:54:05","slug":"kahvalti","status":"publish","type":"page","link":"https:\/\/www.asiyaniznik.com\/tr\/kahvalti\/","title":{"rendered":"Kahvalt\u0131"},"content":{"rendered":"<div data-elementor-type=\"wp-page\" data-elementor-id=\"7789\" class=\"elementor elementor-7789\">\n\t\t\t\t<div class=\"elementor-element elementor-element-267dfd2 e-flex e-con-boxed e-con e-parent\" data-id=\"267dfd2\" data-element_type=\"container\">\n\t\t\t\t\t<div class=\"e-con-inner\">\n\t\t\t\t<div class=\"elementor-element elementor-element-9cc05bd elementor-widget elementor-widget-image\" data-id=\"9cc05bd\" data-element_type=\"widget\" data-widget_type=\"image.default\">\n\t\t\t\t\t\t\t\t\t\t\t\t\t\t\t<img fetchpriority=\"high\" decoding=\"async\" width=\"596\" height=\"842\" src=\"https:\/\/www.asiyaniznik.com\/wp-content\/uploads\/2025\/09\/asiyan_kahvalt.jpg\" class=\"attachment-full size-full wp-image-7791\" alt=\"\" srcset=\"https:\/\/www.asiyaniznik.com\/wp-content\/uploads\/2025\/09\/asiyan_kahvalt.jpg 596w, https:\/\/www.asiyaniznik.com\/wp-content\/uploads\/2025\/09\/asiyan_kahvalt-212x300.jpg 212w\" sizes=\"(max-width: 596px) 100vw, 596px\" \/>\t\t\t\t\t\t\t\t\t\t\t\t\t\t\t<\/div>\n\t\t\t\t\t<\/div>\n\t\t\t\t<\/div>\n\t\t<div class=\"elementor-element elementor-element-6c0b7e3 e-flex e-con-boxed e-con e-parent\" data-id=\"6c0b7e3\" data-element_type=\"container\">\n\t\t\t\t\t<div class=\"e-con-inner\">\n\t\t\t\t<div class=\"elementor-element elementor-element-35ee781 elementor-widget elementor-widget-heading\" data-id=\"35ee781\" data-element_type=\"widget\" data-widget_type=\"heading.default\">\n\t\t\t\t\t<h6 class=\"elementor-heading-title elementor-size-default\">Rezervasyon gereklidir.<\/h6>\t\t\t\t<\/div>\n\t\t\t\t\t<\/div>\n\t\t\t\t<\/div>\n\t\t\t\t<\/div>","protected":false},"excerpt":{"rendered":"<p>Rezervasyon gereklidir.<\/p>","protected":false},"author":1,"featured_media":0,"parent":0,"menu_order":0,"comment_status":"closed","ping_status":"closed","template":"","meta":{"footnotes":""},"class_list":["post-7789","page","type-page","status-publish","hentry"],"yoast_head":"<!-- This site is optimized with the Yoast SEO plugin v26.8 - https:\/\/yoast.com\/product\/yoast-seo-wordpress\/ -->\n<title>Kahvalt\u0131 - A\u015fiyan Yal\u0131s\u0131 \u0130znik Hotel | A\u015fiyan Yal\u0131s\u0131 | \u0130znik Hotel | \u0130znik Otel<\/title>\n<meta name=\"robots\" content=\"index, follow, max-snippet:-1, max-image-preview:large, max-video-preview:-1\" \/>\n<link rel=\"canonical\" href=\"https:\/\/www.asiyaniznik.com\/tr\/kahvalti\/\" \/>\n<meta property=\"og:locale\" content=\"tr_TR\" \/>\n<meta property=\"og:type\" content=\"article\" \/>\n<meta property=\"og:title\" content=\"Kahvalt\u0131 - A\u015fiyan Yal\u0131s\u0131 \u0130znik Hotel | A\u015fiyan Yal\u0131s\u0131 | \u0130znik Hotel | \u0130znik Otel\" \/>\n<meta property=\"og:description\" content=\"Rezervasyon gereklidir.\" \/>\n<meta property=\"og:url\" content=\"https:\/\/www.asiyaniznik.com\/tr\/kahvalti\/\" \/>\n<meta property=\"og:site_name\" content=\"A\u015fiyan Yal\u0131s\u0131 \u0130znik Hotel | A\u015fiyan Yal\u0131s\u0131 | \u0130znik Hotel | \u0130znik Otel\" \/>\n<meta property=\"article:modified_time\" content=\"2025-09-07T10:54:05+00:00\" \/>\n<meta property=\"og:image\" content=\"https:\/\/www.asiyaniznik.com\/wp-content\/uploads\/2025\/09\/asiyan_kahvalt.jpg\" \/>\n\t<meta property=\"og:image:width\" content=\"596\" \/>\n\t<meta property=\"og:image:height\" content=\"842\" \/>\n\t<meta property=\"og:image:type\" content=\"image\/jpeg\" \/>\n<meta name=\"twitter:card\" content=\"summary_large_image\" \/>\n<script type=\"application\/ld+json\" class=\"yoast-schema-graph\">{\"@context\":\"https:\/\/schema.org\",\"@graph\":[{\"@type\":\"WebPage\",\"@id\":\"https:\/\/www.asiyaniznik.com\/kahvalti\/\",\"url\":\"https:\/\/www.asiyaniznik.com\/kahvalti\/\",\"name\":\"Kahvalt\u0131 - A\u015fiyan Yal\u0131s\u0131 \u0130znik Hotel | A\u015fiyan Yal\u0131s\u0131 | \u0130znik Hotel | \u0130znik Otel\",\"isPartOf\":{\"@id\":\"https:\/\/www.asiyaniznik.com\/#website\"},\"primaryImageOfPage\":{\"@id\":\"https:\/\/www.asiyaniznik.com\/kahvalti\/#primaryimage\"},\"image\":{\"@id\":\"https:\/\/www.asiyaniznik.com\/kahvalti\/#primaryimage\"},\"thumbnailUrl\":\"https:\/\/www.asiyaniznik.com\/wp-content\/uploads\/2025\/09\/asiyan_kahvalt.jpg\",\"datePublished\":\"2025-09-07T10:48:15+00:00\",\"dateModified\":\"2025-09-07T10:54:05+00:00\",\"breadcrumb\":{\"@id\":\"https:\/\/www.asiyaniznik.com\/kahvalti\/#breadcrumb\"},\"inLanguage\":\"tr\",\"potentialAction\":[{\"@type\":\"ReadAction\",\"target\":[\"https:\/\/www.asiyaniznik.com\/kahvalti\/\"]}]},{\"@type\":\"ImageObject\",\"inLanguage\":\"tr\",\"@id\":\"https:\/\/www.asiyaniznik.com\/kahvalti\/#primaryimage\",\"url\":\"https:\/\/www.asiyaniznik.com\/wp-content\/uploads\/2025\/09\/asiyan_kahvalt.jpg\",\"contentUrl\":\"https:\/\/www.asiyaniznik.com\/wp-content\/uploads\/2025\/09\/asiyan_kahvalt.jpg\"},{\"@type\":\"BreadcrumbList\",\"@id\":\"https:\/\/www.asiyaniznik.com\/kahvalti\/#breadcrumb\",\"itemListElement\":[{\"@type\":\"ListItem\",\"position\":1,\"name\":\"Anasayfa\",\"item\":\"https:\/\/www.asiyaniznik.com\/\"},{\"@type\":\"ListItem\",\"position\":2,\"name\":\"Kahvalt\u0131\"}]},{\"@type\":\"WebSite\",\"@id\":\"https:\/\/www.asiyaniznik.com\/#website\",\"url\":\"https:\/\/www.asiyaniznik.com\/\",\"name\":\"A\u015fiyan Yal\u0131s\u0131 | \u0130znik A\u015fiyan Yal\u0131s\u0131 | \u0130znik Hotel | \u0130znik Otel |\",\"description\":\"A\u015fiyan Yal\u0131s\u0131 \u0130znik Hotel | A\u015fiyan Yal\u0131s\u0131 | \u0130znik Hotel | \u0130znik Otel\",\"publisher\":{\"@id\":\"https:\/\/www.asiyaniznik.com\/#organization\"},\"potentialAction\":[{\"@type\":\"SearchAction\",\"target\":{\"@type\":\"EntryPoint\",\"urlTemplate\":\"https:\/\/www.asiyaniznik.com\/?s={search_term_string}\"},\"query-input\":{\"@type\":\"PropertyValueSpecification\",\"valueRequired\":true,\"valueName\":\"search_term_string\"}}],\"inLanguage\":\"tr\"},{\"@type\":\"Organization\",\"@id\":\"https:\/\/www.asiyaniznik.com\/#organization\",\"name\":\"A\u015fiyan Yal\u0131s\u0131 | \u0130znik A\u015fiyan Yal\u0131s\u0131 | \u0130znik Hotel | \u0130znik Otel |\",\"url\":\"https:\/\/www.asiyaniznik.com\/\",\"logo\":{\"@type\":\"ImageObject\",\"inLanguage\":\"tr\",\"@id\":\"https:\/\/www.asiyaniznik.com\/#\/schema\/logo\/image\/\",\"url\":\"https:\/\/www.asiyaniznik.com\/wp-content\/uploads\/2025\/09\/cropped-asiyanlogo1-1.png\",\"contentUrl\":\"https:\/\/www.asiyaniznik.com\/wp-content\/uploads\/2025\/09\/cropped-asiyanlogo1-1.png\",\"width\":512,\"height\":512,\"caption\":\"A\u015fiyan Yal\u0131s\u0131 | \u0130znik A\u015fiyan Yal\u0131s\u0131 | \u0130znik Hotel | \u0130znik Otel |\"},\"image\":{\"@id\":\"https:\/\/www.asiyaniznik.com\/#\/schema\/logo\/image\/\"},\"sameAs\":[\"https:\/\/instagram.com\/asiyanyalisi\"]}]}<\/script>\n<!-- \/ Yoast SEO plugin. -->","yoast_head_json":{"title":"Kahvalt\u0131 - A\u015fiyan Yal\u0131s\u0131 \u0130znik Hotel | A\u015fiyan Yal\u0131s\u0131 | \u0130znik Hotel | \u0130znik Otel","robots":{"index":"index","follow":"follow","max-snippet":"max-snippet:-1","max-image-preview":"max-image-preview:large","max-video-preview":"max-video-preview:-1"},"canonical":"https:\/\/www.asiyaniznik.com\/tr\/kahvalti\/","og_locale":"tr_TR","og_type":"article","og_title":"Kahvalt\u0131 - A\u015fiyan Yal\u0131s\u0131 \u0130znik Hotel | A\u015fiyan Yal\u0131s\u0131 | \u0130znik Hotel | \u0130znik Otel","og_description":"Rezervasyon gereklidir.","og_url":"https:\/\/www.asiyaniznik.com\/tr\/kahvalti\/","og_site_name":"A\u015fiyan Yal\u0131s\u0131 \u0130znik Hotel | A\u015fiyan Yal\u0131s\u0131 | \u0130znik Hotel | \u0130znik Otel","article_modified_time":"2025-09-07T10:54:05+00:00","og_image":[{"width":596,"height":842,"url":"https:\/\/www.asiyaniznik.com\/wp-content\/uploads\/2025\/09\/asiyan_kahvalt.jpg","type":"image\/jpeg"}],"twitter_card":"summary_large_image","schema":{"@context":"https:\/\/schema.org","@graph":[{"@type":"WebPage","@id":"https:\/\/www.asiyaniznik.com\/kahvalti\/","url":"https:\/\/www.asiyaniznik.com\/kahvalti\/","name":"Kahvalt\u0131 - A\u015fiyan Yal\u0131s\u0131 \u0130znik Hotel | A\u015fiyan Yal\u0131s\u0131 | \u0130znik Hotel | \u0130znik Otel","isPartOf":{"@id":"https:\/\/www.asiyaniznik.com\/#website"},"primaryImageOfPage":{"@id":"https:\/\/www.asiyaniznik.com\/kahvalti\/#primaryimage"},"image":{"@id":"https:\/\/www.asiyaniznik.com\/kahvalti\/#primaryimage"},"thumbnailUrl":"https:\/\/www.asiyaniznik.com\/wp-content\/uploads\/2025\/09\/asiyan_kahvalt.jpg","datePublished":"2025-09-07T10:48:15+00:00","dateModified":"2025-09-07T10:54:05+00:00","breadcrumb":{"@id":"https:\/\/www.asiyaniznik.com\/kahvalti\/#breadcrumb"},"inLanguage":"tr","potentialAction":[{"@type":"ReadAction","target":["https:\/\/www.asiyaniznik.com\/kahvalti\/"]}]},{"@type":"ImageObject","inLanguage":"tr","@id":"https:\/\/www.asiyaniznik.com\/kahvalti\/#primaryimage","url":"https:\/\/www.asiyaniznik.com\/wp-content\/uploads\/2025\/09\/asiyan_kahvalt.jpg","contentUrl":"https:\/\/www.asiyaniznik.com\/wp-content\/uploads\/2025\/09\/asiyan_kahvalt.jpg"},{"@type":"BreadcrumbList","@id":"https:\/\/www.asiyaniznik.com\/kahvalti\/#breadcrumb","itemListElement":[{"@type":"ListItem","position":1,"name":"Anasayfa","item":"https:\/\/www.asiyaniznik.com\/"},{"@type":"ListItem","position":2,"name":"Kahvalt\u0131"}]},{"@type":"WebSite","@id":"https:\/\/www.asiyaniznik.com\/#website","url":"https:\/\/www.asiyaniznik.com\/","name":"A\u015fiyan Yal\u0131s\u0131 | \u0130znik A\u015fiyan Yal\u0131s\u0131 | \u0130znik Hotel | \u0130znik Otel |","description":"A\u015fiyan Yal\u0131s\u0131 \u0130znik Hotel | A\u015fiyan Yal\u0131s\u0131 | \u0130znik Hotel | \u0130znik Otel","publisher":{"@id":"https:\/\/www.asiyaniznik.com\/#organization"},"potentialAction":[{"@type":"SearchAction","target":{"@type":"EntryPoint","urlTemplate":"https:\/\/www.asiyaniznik.com\/?s={search_term_string}"},"query-input":{"@type":"PropertyValueSpecification","valueRequired":true,"valueName":"search_term_string"}}],"inLanguage":"tr"},{"@type":"Organization","@id":"https:\/\/www.asiyaniznik.com\/#organization","name":"A\u015fiyan Yal\u0131s\u0131 | \u0130znik A\u015fiyan Yal\u0131s\u0131 | \u0130znik Hotel | \u0130znik Otel |","url":"https:\/\/www.asiyaniznik.com\/","logo":{"@type":"ImageObject","inLanguage":"tr","@id":"https:\/\/www.asiyaniznik.com\/#\/schema\/logo\/image\/","url":"https:\/\/www.asiyaniznik.com\/wp-content\/uploads\/2025\/09\/cropped-asiyanlogo1-1.png","contentUrl":"https:\/\/www.asiyaniznik.com\/wp-content\/uploads\/2025\/09\/cropped-asiyanlogo1-1.png","width":512,"height":512,"caption":"A\u015fiyan Yal\u0131s\u0131 | \u0130znik A\u015fiyan Yal\u0131s\u0131 | \u0130znik Hotel | \u0130znik Otel |"},"image":{"@id":"https:\/\/www.asiyaniznik.com\/#\/schema\/logo\/image\/"},"sameAs":["https:\/\/instagram.com\/asiyanyalisi"]}]}},"_links":{"self":[{"href":"https:\/\/www.asiyaniznik.com\/tr\/wp-json\/wp\/v2\/pages\/7789","targetHints":{"allow":["GET"]}}],"collection":[{"href":"https:\/\/www.asiyaniznik.com\/tr\/wp-json\/wp\/v2\/pages"}],"about":[{"href":"https:\/\/www.asiyaniznik.com\/tr\/wp-json\/wp\/v2\/types\/page"}],"author":[{"embeddable":true,"href":"https:\/\/www.asiyaniznik.com\/tr\/wp-json\/wp\/v2\/users\/1"}],"replies":[{"embeddable":true,"href":"https:\/\/www.asiyaniznik.com\/tr\/wp-json\/wp\/v2\/comments?post=7789"}],"version-history":[{"count":4,"href":"https:\/\/www.asiyaniznik.com\/tr\/wp-json\/wp\/v2\/pages\/7789\/revisions"}],"predecessor-version":[{"id":7794,"href":"https:\/\/www.asiyaniznik.com\/tr\/wp-json\/wp\/v2\/pages\/7789\/revisions\/7794"}],"wp:attachment":[{"href":"https:\/\/www.asiyaniznik.com\/tr\/wp-json\/wp\/v2\/media?parent=7789"}],"curies":[{"name":"wp","href":"https:\/\/api.w.org\/{rel}","templated":true}]}}